{"id":19,"date":"2018-11-20T17:06:10","date_gmt":"2018-11-20T17:06:10","guid":{"rendered":"http:\/\/camkanatlar.com\/?page_id=19"},"modified":"2018-11-26T17:00:44","modified_gmt":"2018-11-26T17:00:44","slug":"bize-ulasin","status":"publish","type":"page","link":"http:\/\/camkanatlar.com\/?page_id=19","title":{"rendered":"Bize ula\u015f\u0131n"},"content":{"rendered":"<ul>\n<li>Bizimle telefon ile ileti\u015fim<br \/>\n<img loading=\"lazy\" decoding=\"async\" class=\"wp-image-153 size-full alignnone\" src=\"http:\/\/camkanatlar.com\/wp-content\/uploads\/2018\/11\/telefon-e1542913588459.jpg\" alt=\"\" width=\"20\" height=\"20\">&nbsp; +<strong>90 (216) 428 18 83<\/strong><\/li>\n<li>Bizimle WhatsApp ile ileti\u015fim<br \/>\n<img loading=\"lazy\" decoding=\"async\" class=\"alignnone size-full wp-image-154\" style=\"font-size: 1rem;\" src=\"http:\/\/camkanatlar.com\/wp-content\/uploads\/2018\/11\/whatsapp-e1542913721505.jpg\" alt=\"\" width=\"25\" height=\"25\"><span style=\"font-size: 1rem;\"><span style=\"font-size: 1rem;\">+<strong>90 (533)583 47 47<\/strong><\/span><\/span><strong>&nbsp;<\/strong><\/li>\n<li><span style=\"font-size: 1rem;\">Bizimle mail ile ileti\u015fim<br \/>\n<img loading=\"lazy\" decoding=\"async\" class=\"alignnone size-full wp-image-155\" src=\"http:\/\/camkanatlar.com\/wp-content\/uploads\/2018\/11\/email-e1542913807303.png\" alt=\"\" width=\"25\" height=\"25\"><strong>&nbsp;<a href=\"mailto:info@camkanatlar.com\">info@camkanatlar.com<\/a><\/strong><br \/>\n<\/span><\/li>\n<li>Cam Sanat\u00e7\u0131s\u0131 Handan Aldo\u011fan&nbsp;<br \/>\n<img loading=\"lazy\" decoding=\"async\" class=\"alignnone size-full wp-image-155\" style=\"font-size: 1rem;\" src=\"http:\/\/camkanatlar.com\/wp-content\/uploads\/2018\/11\/email-e1542913807303.png\" alt=\"\" width=\"25\" height=\"25\">&nbsp;<strong><a href=\"mailto:handan.aldogan@camkanatlar.com\"><span style=\"font-size: 1rem;\">handan.aldogan@camkanatlar.com<\/span><\/a><\/strong><\/li>\n<li>Cam Sanat\u00e7\u0131s\u0131 \u00d6zcan Yayla<br \/>\n<img loading=\"lazy\" decoding=\"async\" class=\"alignnone size-full wp-image-155\" style=\"font-size: 1rem;\" src=\"http:\/\/camkanatlar.com\/wp-content\/uploads\/2018\/11\/email-e1542913807303.png\" alt=\"\" width=\"25\" height=\"25\">&nbsp;<strong><a href=\"mailto:ozcan.yayla@camkanatlar.com\">ozcan.yayla@camkanatlar.com<\/a><\/strong><\/li>\n<\/ul>\n<p>&nbsp;<\/p>\n","protected":false},"excerpt":{"rendered":"<p>Bizimle telefon ile ileti\u015fim &nbsp; +90 (216) 428 18 83 Bizimle WhatsApp ile ileti\u015fim +90 (533)583 47 47&nbsp; Bizimle mail ile ileti\u015fim &nbsp;info@camkanatlar.com Cam Sanat\u00e7\u0131s\u0131 Handan Aldo\u011fan&nbsp; &nbsp;handan.aldogan@camkanatlar.com Cam Sanat\u00e7\u0131s\u0131 \u00d6zcan Yayla &nbsp;ozcan.yayla@camkanatlar.com &nbsp;<\/p>\n","protected":false},"author":1,"featured_media":150,"parent":0,"menu_order":4,"comment_status":"closed","ping_status":"closed","template":"","meta":{"footnotes":""},"class_list":["post-19","page","type-page","status-publish","has-post-thumbnail","hentry"],"_links":{"self":[{"href":"http:\/\/camkanatlar.com\/index.php?rest_route=\/wp\/v2\/pages\/19","targetHints":{"allow":["GET"]}}],"collection":[{"href":"http:\/\/camkanatlar.com\/index.php?rest_route=\/wp\/v2\/pages"}],"about":[{"href":"http:\/\/camkanatlar.com\/index.php?rest_route=\/wp\/v2\/types\/page"}],"author":[{"embeddable":true,"href":"http:\/\/camkanatlar.com\/index.php?rest_route=\/wp\/v2\/users\/1"}],"replies":[{"embeddable":true,"href":"http:\/\/camkanatlar.com\/index.php?rest_route=%2Fwp%2Fv2%2Fcomments&post=19"}],"version-history":[{"count":10,"href":"http:\/\/camkanatlar.com\/index.php?rest_route=\/wp\/v2\/pages\/19\/revisions"}],"predecessor-version":[{"id":181,"href":"http:\/\/camkanatlar.com\/index.php?rest_route=\/wp\/v2\/pages\/19\/revisions\/181"}],"wp:featuredmedia":[{"embeddable":true,"href":"http:\/\/camkanatlar.com\/index.php?rest_route=\/wp\/v2\/media\/150"}],"wp:attachment":[{"href":"http:\/\/camkanatlar.com\/index.php?rest_route=%2Fwp%2Fv2%2Fmedia&parent=19"}],"curies":[{"name":"wp","href":"https:\/\/api.w.org\/{rel}","templated":true}]}}